{"id":9166,"date":"2022-07-04T16:21:04","date_gmt":"2022-07-04T14:21:04","guid":{"rendered":"https:\/\/orchidee.de\/?page_id=9166"},"modified":"2026-04-01T00:00:19","modified_gmt":"2026-03-31T22:00:19","slug":"wuerttemberg-gruppe","status":"publish","type":"page","link":"https:\/\/orchidee.de\/en\/wuerttemberg-gruppe\/","title":{"rendered":"W\u00fcrttemberg  Gruppe"},"content":{"rendered":"<section class=\"l-section wpb_row us_custom_b3be410f height_huge width_full color_alternate with_img\"><div class=\"l-section-img\" style=\"background-image: url(https:\/\/orchidee.de\/wp-content\/uploads\/Phalaenopsis-equestris-f-rosea_KF.jpg);\" data-img-width=\"1800\" data-img-height=\"900\"><\/div><div class=\"l-section-overlay\" style=\"background:var(--color-header-transparent-bg)\"><\/div><div class=\"l-section-h i-cf\"><div class=\"g-cols vc_row via_grid cols_1 laptops-cols_inherit tablets-cols_inherit mobiles-cols_1 valign_top type_default stacking_default\"><div class=\"wpb_column vc_column_container\"><div class=\"vc_column-inner\"><\/div><\/div><\/div><\/div><\/section><!-- Row Backgrounds --><section class=\"l-section wpb_row height_small\"><div class=\"l-section-h i-cf\"><div class=\"g-cols vc_row via_grid cols_1 laptops-cols_inherit tablets-cols_inherit mobiles-cols_1 valign_top type_default stacking_default\"><div class=\"wpb_column vc_column_container\"><div class=\"vc_column-inner\"><div class=\"w-separator size_medium\"><\/div><\/div><\/div><div class=\"wpb_column vc_column_container\"><div class=\"vc_column-inner\"><div class=\"g-cols wpb_row via_grid cols_1 laptops-cols_inherit tablets-cols_inherit mobiles-cols_1 valign_top type_default stacking_default\"><div class=\"wpb_column vc_column_container\"><div class=\"vc_column-inner\"><div class=\"wpb_text_column us_custom_e939c30a\"><div class=\"wpb_wrapper\"><h1>W\u00fcrttemberg<\/h1>\n<\/div><\/div><\/div><\/div><\/div><\/div><\/div><\/div><\/div><\/section><section class=\"l-section wpb_row height_small\"><div class=\"l-section-h i-cf\"><div class=\"g-cols vc_row via_grid cols_1 laptops-cols_inherit tablets-cols_inherit mobiles-cols_1 valign_top type_default stacking_default\"><div class=\"wpb_column vc_column_container\"><div class=\"vc_column-inner\"><div class=\"wpb_text_column\"><div class=\"wpb_wrapper\"><p><strong>Gruppenleitung<\/strong><br \/>\nMonika Schreiber<br \/>\nRosenstr. 12<br \/>\n73760 Ostfildern<br \/>\nE-Mail: schreiber@orchideen-wuerttemberg.de<\/p>\n<\/div><\/div><div class=\"w-separator size_small\"><\/div><div class=\"wpb_text_column\"><div class=\"wpb_wrapper\"><p><strong>Gruppenleitung laut Wahlen vom 20.11.2025:<\/strong><br \/>\nGruppenleiterin: Monika Schreiber<br \/>\nStellvertretende Gruppenleiterin: Brigitte Dragun<br \/>\nKassenwart: Frank Derer<\/p>\n<\/div><\/div><div class=\"w-separator size_small\"><\/div><div class=\"wpb_text_column\"><div class=\"wpb_wrapper\"><p><strong>Gruppentreffen:<\/strong><br \/>\nFesthalle Denkendorf<br \/>\nM\u00fchlhaldenstra\u00dfe 111<br \/>\n73770 Denkendorf<br \/>\nJeden 1. Freitag im Monat um 18:30 Uhr. Vortragsbeginn 20.:00 Uhr.<\/p>\n<\/div><\/div><div class=\"w-separator size_small\"><\/div><div class=\"wpb_text_column\"><div class=\"wpb_wrapper\"><p>Bitte \u00fcberz\u00e4hlige Pflanzen oder anderes mitbringen. Weitere Wanderungen und Busfahrten sowie G\u00e4rtnereibesuche werden durch Rundschreiben bekannt gegeben. G\u00e4ste sind herzlich willkommen.<\/p>\n<\/div><\/div><div class=\"w-separator size_small\"><\/div><div class=\"w-btn-wrapper align_left\"><a class=\"w-btn us-btn-style_6\" title=\"Orchideen-W\u00fcrttemberg\" target=\"_blank\" href=\"https:\/\/orchideen-wuerttemberg.de\/\" rel=\"noopener\"><span class=\"w-btn-label\">Zur Internetpr\u00e4senz<\/span><\/a><\/div><\/div><\/div><\/div><\/div><\/section><section class=\"l-section wpb_row height_auto\"><div class=\"l-section-h i-cf\"><div class=\"g-cols vc_row via_grid cols_1 laptops-cols_inherit tablets-cols_inherit mobiles-cols_1 valign_top type_default stacking_default\"><div class=\"wpb_column vc_column_container\"><div class=\"vc_column-inner\"><div class=\"mec-wrap mec-skin-list-container  \" id=\"mec_skin_8440\">\n    \n    \n        <div class=\"mec-skin-list-events-container\" id=\"mec_skin_events_8440\">\n        No event found!    <\/div>\n        \n        \n<\/div><\/div><\/div><\/div><\/div><\/section>\n","protected":false},"excerpt":{"rendered":"W\u00fcrttemberg Gruppenleitung Monika Schreiber Rosenstr. 12 73760 Ostfildern E-Mail: schreiber@orchideen-wuerttemberg.de Gruppenleitung laut Wahlen vom 20.11.2025: Gruppenleiterin: Monika Schreiber Stellvertretende Gruppenleiterin: Brigitte Dragun Kassenwart: Frank Derer Gruppentreffen: Festhalle Denkendorf M\u00fchlhaldenstra\u00dfe 111 73770 Denkendorf Jeden 1. Freitag im Monat um 18:30 Uhr. Vortragsbeginn 20.:00 Uhr. Bitte \u00fcberz\u00e4hlige Pflanzen oder anderes mitbringen. Weitere Wanderungen und Busfahrten sowie G\u00e4rtnereibesuche...","protected":false},"author":10,"featured_media":0,"parent":0,"menu_order":0,"comment_status":"closed","ping_status":"closed","template":"","meta":{"footnotes":""},"class_list":["post-9166","page","type-page","status-publish","hentry"],"_links":{"self":[{"href":"https:\/\/orchidee.de\/en\/wp-json\/wp\/v2\/pages\/9166","targetHints":{"allow":["GET"]}}],"collection":[{"href":"https:\/\/orchidee.de\/en\/wp-json\/wp\/v2\/pages"}],"about":[{"href":"https:\/\/orchidee.de\/en\/wp-json\/wp\/v2\/types\/page"}],"author":[{"embeddable":true,"href":"https:\/\/orchidee.de\/en\/wp-json\/wp\/v2\/users\/10"}],"replies":[{"embeddable":true,"href":"https:\/\/orchidee.de\/en\/wp-json\/wp\/v2\/comments?post=9166"}],"version-history":[{"count":16,"href":"https:\/\/orchidee.de\/en\/wp-json\/wp\/v2\/pages\/9166\/revisions"}],"predecessor-version":[{"id":26887,"href":"https:\/\/orchidee.de\/en\/wp-json\/wp\/v2\/pages\/9166\/revisions\/26887"}],"wp:attachment":[{"href":"https:\/\/orchidee.de\/en\/wp-json\/wp\/v2\/media?parent=9166"}],"curies":[{"name":"wp","href":"https:\/\/api.w.org\/{rel}","templated":true}]}}