{"id":9137,"date":"2022-07-04T16:03:36","date_gmt":"2022-07-04T14:03:36","guid":{"rendered":"https:\/\/orchidee.de\/?page_id=9137"},"modified":"2026-02-09T17:31:30","modified_gmt":"2026-02-09T16:31:30","slug":"ostbayern-gruppe","status":"publish","type":"page","link":"https:\/\/orchidee.de\/en\/ostbayern-gruppe\/","title":{"rendered":"Ostbayern  Gruppe"},"content":{"rendered":"<section class=\"l-section wpb_row us_custom_b3be410f height_huge width_full color_alternate with_img\"><div class=\"l-section-img\" style=\"background-image: url(https:\/\/orchidee.de\/wp-content\/uploads\/Dendrobium-King-Zip_KF.jpg);\" data-img-width=\"1800\" data-img-height=\"900\"><\/div><div class=\"l-section-overlay\" style=\"background:var(--color-header-transparent-bg)\"><\/div><div class=\"l-section-h i-cf\"><div class=\"g-cols vc_row via_grid cols_1 laptops-cols_inherit tablets-cols_inherit mobiles-cols_1 valign_top type_default stacking_default\"><div class=\"wpb_column vc_column_container\"><div class=\"vc_column-inner\"><\/div><\/div><\/div><\/div><\/section><!-- Row Backgrounds --><section class=\"l-section wpb_row height_small\"><div class=\"l-section-h i-cf\"><div class=\"g-cols vc_row via_grid cols_1 laptops-cols_inherit tablets-cols_inherit mobiles-cols_1 valign_top type_default stacking_default\"><div class=\"wpb_column vc_column_container\"><div class=\"vc_column-inner\"><div class=\"w-separator size_medium\"><\/div><\/div><\/div><div class=\"wpb_column vc_column_container\"><div class=\"vc_column-inner\"><div class=\"g-cols wpb_row via_grid cols_1 laptops-cols_inherit tablets-cols_inherit mobiles-cols_1 valign_top type_default stacking_default\"><div class=\"wpb_column vc_column_container\"><div class=\"vc_column-inner\"><div class=\"wpb_text_column us_custom_e939c30a\"><div class=\"wpb_wrapper\"><h1>Ostbayern<\/h1>\n<\/div><\/div><\/div><\/div><\/div><\/div><\/div><\/div><\/div><\/section><section class=\"l-section wpb_row height_small\"><div class=\"l-section-h i-cf\"><div class=\"g-cols vc_row via_grid cols_1 laptops-cols_inherit tablets-cols_inherit mobiles-cols_1 valign_top type_default stacking_default\"><div class=\"wpb_column vc_column_container\"><div class=\"vc_column-inner\"><div class=\"wpb_text_column\"><div class=\"wpb_wrapper\"><p><strong>Gruppenleitung<\/strong><br \/>\nMarkus Angler<br \/>\nFliederweg 16<br \/>\nD-93098 Mintraching<br \/>\n09406 285991<br \/>\nmk_angler@yahoo.de<\/p>\n<\/div><\/div><div class=\"w-separator size_small\"><\/div><div class=\"wpb_text_column\"><div class=\"wpb_wrapper\"><p><strong>Gruppenleitung laut Wahlen vom 13.12.2025:<\/strong><br \/>\nGruppenleiter: Markus Angler<br \/>\nStellvertreter: Dr. J\u00fcrgen Schmidt<br \/>\nKassenwartin: Sabine Asen<\/p>\n<\/div><\/div><div class=\"w-separator size_small\"><\/div><div class=\"wpb_text_column\"><div class=\"wpb_wrapper\"><p><strong>Gruppentreffen:<\/strong><br \/>\nHotel Burgwirt<br \/>\nDeggendorfer Str. 7<br \/>\n94469 Deggendorf-Natternberg<br \/>\nJeden 2. Samstag im Monat, Beginn 14.00 Uhr.<\/p>\n<\/div><\/div><div class=\"w-separator size_small\"><\/div><div class=\"wpb_text_column\"><div class=\"wpb_wrapper\"><p>Bl\u00fchende oder kranke Pflanzen k\u00f6nnen zur Besprechung mitgebracht werden.<br \/>\nG\u00e4ste sind herzlich willkommen<\/p>\n<\/div><\/div><\/div><\/div><\/div><\/div><\/section><section class=\"l-section wpb_row height_auto\"><div class=\"l-section-h i-cf\"><div class=\"g-cols vc_row via_grid cols_1 laptops-cols_inherit tablets-cols_inherit mobiles-cols_1 valign_top type_default stacking_default\"><div class=\"wpb_column vc_column_container\"><div class=\"vc_column-inner\"><div class=\"mec-wrap mec-skin-list-container  \" id=\"mec_skin_8420\">\n    \n    \n        <div class=\"mec-skin-list-events-container\" id=\"mec_skin_events_8420\">\n        No event found!    <\/div>\n        \n        \n<\/div><div class=\"w-separator size_huge\"><\/div><\/div><\/div><\/div><\/div><\/section>\n","protected":false},"excerpt":{"rendered":"Ostbayern Gruppenleitung Markus Angler Fliederweg 16 D-93098 Mintraching 09406 285991 mk_angler@yahoo.de Gruppenleitung laut Wahlen vom 13.12.2025: Gruppenleiter: Markus Angler Stellvertreter: Dr. J\u00fcrgen Schmidt Kassenwartin: Sabine Asen Gruppentreffen: Hotel Burgwirt Deggendorfer Str. 7 94469 Deggendorf-Natternberg Jeden 2. Samstag im Monat, Beginn 14.00 Uhr. Bl\u00fchende oder kranke Pflanzen k\u00f6nnen zur Besprechung mitgebracht werden. G\u00e4ste sind herzlich willkommen...","protected":false},"author":10,"featured_media":0,"parent":0,"menu_order":0,"comment_status":"closed","ping_status":"closed","template":"","meta":{"footnotes":""},"class_list":["post-9137","page","type-page","status-publish","hentry"],"_links":{"self":[{"href":"https:\/\/orchidee.de\/en\/wp-json\/wp\/v2\/pages\/9137","targetHints":{"allow":["GET"]}}],"collection":[{"href":"https:\/\/orchidee.de\/en\/wp-json\/wp\/v2\/pages"}],"about":[{"href":"https:\/\/orchidee.de\/en\/wp-json\/wp\/v2\/types\/page"}],"author":[{"embeddable":true,"href":"https:\/\/orchidee.de\/en\/wp-json\/wp\/v2\/users\/10"}],"replies":[{"embeddable":true,"href":"https:\/\/orchidee.de\/en\/wp-json\/wp\/v2\/comments?post=9137"}],"version-history":[{"count":8,"href":"https:\/\/orchidee.de\/en\/wp-json\/wp\/v2\/pages\/9137\/revisions"}],"predecessor-version":[{"id":26822,"href":"https:\/\/orchidee.de\/en\/wp-json\/wp\/v2\/pages\/9137\/revisions\/26822"}],"wp:attachment":[{"href":"https:\/\/orchidee.de\/en\/wp-json\/wp\/v2\/media?parent=9137"}],"curies":[{"name":"wp","href":"https:\/\/api.w.org\/{rel}","templated":true}]}}