{"id":9127,"date":"2022-07-04T15:57:39","date_gmt":"2022-07-04T13:57:39","guid":{"rendered":"https:\/\/orchidee.de\/?page_id=9127"},"modified":"2026-03-03T15:23:14","modified_gmt":"2026-03-03T14:23:14","slug":"nordbayern-gruppe","status":"publish","type":"page","link":"https:\/\/orchidee.de\/en\/nordbayern-gruppe\/","title":{"rendered":"Nordbayern  Gruppe"},"content":{"rendered":"<section class=\"l-section wpb_row us_custom_b3be410f height_huge width_full color_alternate with_img\"><div class=\"l-section-img\" style=\"background-image: url(https:\/\/orchidee.de\/wp-content\/uploads\/Dendrobium-sarawakense_KF.jpg);\" data-img-width=\"1800\" data-img-height=\"900\"><\/div><div class=\"l-section-overlay\" style=\"background:var(--color-header-transparent-bg)\"><\/div><div class=\"l-section-h i-cf\"><div class=\"g-cols vc_row via_grid cols_1 laptops-cols_inherit tablets-cols_inherit mobiles-cols_1 valign_top type_default stacking_default\"><div class=\"wpb_column vc_column_container\"><div class=\"vc_column-inner\"><\/div><\/div><\/div><\/div><\/section><!-- Row Backgrounds --><section class=\"l-section wpb_row height_small\"><div class=\"l-section-h i-cf\"><div class=\"g-cols vc_row via_grid cols_1 laptops-cols_inherit tablets-cols_inherit mobiles-cols_1 valign_top type_default stacking_default\"><div class=\"wpb_column vc_column_container\"><div class=\"vc_column-inner\"><div class=\"w-separator size_medium\"><\/div><\/div><\/div><div class=\"wpb_column vc_column_container\"><div class=\"vc_column-inner\"><div class=\"g-cols wpb_row via_grid cols_2 laptops-cols_inherit tablets-cols_inherit mobiles-cols_1 valign_top type_default stacking_default\"><div class=\"wpb_column vc_column_container\"><div class=\"vc_column-inner\"><div class=\"wpb_text_column us_custom_e939c30a\"><div class=\"wpb_wrapper\"><h1>Nordbayern<\/h1>\n<\/div><\/div><\/div><\/div><div class=\"wpb_column vc_column_container\"><div class=\"vc_column-inner\"><div class=\"w-image align_none\"><div class=\"w-image-h\"><img loading=\"lazy\" decoding=\"async\" width=\"640\" height=\"640\" src=\"https:\/\/orchidee.de\/wp-content\/uploads\/Logo_Gruppe_Nordbayern-640x640.jpg\" class=\"attachment-us_640_640 size-us_640_640\" alt=\"Logo DOG-Gruppe Nordbayern\" srcset=\"https:\/\/orchidee.de\/wp-content\/uploads\/Logo_Gruppe_Nordbayern-640x640.jpg 640w, https:\/\/orchidee.de\/wp-content\/uploads\/Logo_Gruppe_Nordbayern-320x320.jpg 320w, https:\/\/orchidee.de\/wp-content\/uploads\/Logo_Gruppe_Nordbayern-1024x1024.jpg 1024w, https:\/\/orchidee.de\/wp-content\/uploads\/Logo_Gruppe_Nordbayern-150x150.jpg 150w, https:\/\/orchidee.de\/wp-content\/uploads\/Logo_Gruppe_Nordbayern-300x300.jpg 300w, https:\/\/orchidee.de\/wp-content\/uploads\/Logo_Gruppe_Nordbayern-400x400.jpg 400w, https:\/\/orchidee.de\/wp-content\/uploads\/Logo_Gruppe_Nordbayern.jpg 1200w\" sizes=\"auto, (max-width: 640px) 100vw, 640px\" \/><\/div><\/div><\/div><\/div><\/div><\/div><\/div><\/div><\/div><\/section><section class=\"l-section wpb_row height_small\"><div class=\"l-section-h i-cf\"><div class=\"g-cols vc_row via_grid cols_1 laptops-cols_inherit tablets-cols_inherit mobiles-cols_1 valign_top type_default stacking_default\"><div class=\"wpb_column vc_column_container\"><div class=\"vc_column-inner\"><div class=\"wpb_text_column\"><div class=\"wpb_wrapper\"><p><strong>Gruppenleitung<\/strong><br \/>\nFranz-Josef Meyer<br \/>\nThomasiusstra\u00dfe 31<br \/>\n90451 N\u00fcrnberg<br \/>\n0911-644314<br \/>\n0911-644529 (Fax)<\/p>\n<\/div><\/div><div class=\"w-separator size_small\"><\/div><div class=\"wpb_text_column\"><div class=\"wpb_wrapper\"><p><strong>Gruppenleitung laut Wahlen vom 10.01.2026:<\/strong><br \/>\nGruppenleiter: Franz Josef Meyer<br \/>\nStellvertreter: Jeanette Steinbach<br \/>\nKassenwart: Elmar Domeyer<\/p>\n<\/div><\/div><div class=\"w-separator size_small\"><\/div><div class=\"wpb_text_column\"><div class=\"wpb_wrapper\"><p><strong>Gruppentreffen:<\/strong><br \/>\nbbs<br \/>\nBrieger Str. 21<br \/>\n90471 N\u00fcrnberg-Langwasser<br \/>\nJeden zweiten Samstag im Monat!<\/p>\n<\/div><\/div><div class=\"w-separator size_small\"><\/div><div class=\"wpb_text_column\"><div class=\"wpb_wrapper\"><p><strong>Orchideen-Stammtisch:<\/strong><br \/>\nPflanzen K\u00f6lle<br \/>\nGeisseestra\u00dfe 65<br \/>\n90439 N\u00fcrnberg<br \/>\nJeden 4. Donnerstag im Monat!<br \/>\nTermine 2026: 22.01., 26.02., 26.03., 23.04., 28.05., 25.06., 23.07., 27.08., 24.09., 22.10., 26.11., 17.12.<\/p>\n<\/div><\/div><div class=\"w-separator size_small\"><\/div><div class=\"wpb_text_column\"><div class=\"wpb_wrapper\"><p>Gruppentreffen mit Vortrag finden im bbs am 2. Samstag statt, dazu besteht am 4. Donnerstag ab 15.00 Uhr die M\u00f6glichkeit zum pers\u00f6nlichen Beratungs- und Erfahrungsaustausch beim Orchideenstammtisch in der Cafeteria Bambusgarten bei Pflanzen K\u00f6lle in der Geisseestr. 65, 90439 N\u00fcrnberg, Ende gegen 18.00 Uhr.<\/p>\n<\/div><\/div><div class=\"w-separator size_small\"><\/div><div class=\"w-btn-wrapper align_left\"><a class=\"w-btn us-btn-style_6\" target=\"_blank\" href=\"http:\/\/www.dog-nordbayern.de\/\" rel=\"noopener\"><span class=\"w-btn-label\">Zur Internetpr\u00e4senz<\/span><\/a><\/div><\/div><\/div><\/div><\/div><\/section><section class=\"l-section wpb_row height_auto\"><div class=\"l-section-h i-cf\"><div class=\"g-cols vc_row via_grid cols_1 laptops-cols_inherit tablets-cols_inherit mobiles-cols_1 valign_top type_default stacking_default\"><div class=\"wpb_column vc_column_container\"><div class=\"vc_column-inner\"><div class=\"mec-wrap mec-skin-list-container  \" id=\"mec_skin_8411\">\n    \n    \n            <div class=\"mec-skin-list-events-container\" id=\"mec_skin_events_8411\">\n        <div class=\"mec-wrap colorskin-custom\">\n\t<div class=\"mec-event-list-minimal\">\n\t\t\n            \n                        <article class=\"mec-event-article mec-custom-data mec-clear  mec-divider-toggle mec-toggle-202609-8411\">\n                                                        <div class=\"col-md-9 col-sm-9\">\n\n                                                <div class=\"mec-event-date mec-bg-color\">\n                            <span>12<\/span>\n                            Sep                        <\/div>\n                        \n                                                <h4 class=\"mec-event-title\"><a class=\"mec-color-hover\" data-event-id=\"26857\" href=\"https:\/\/orchidee.de\/en\/events\/wir-besuchen-den-botanischen-garten-bochum-ein-video\/\" target=\"_self\" rel=\"noopener\">Wir besuchen den Botanischen Garten Bochum\u202f\u2013\u202fein Video<\/a>        <div class=\"mec-event-data-fields mec-frontbox  mec-data-fields-shortcode mec-util-hidden\">\n            <div class=\"mec-data-fields-tooltip\">\n                <div class=\"mec-data-fields-tooltip-box\">\n                    <ul class=\"mec-event-data-field-items\">\n                                                                        <li class=\"mec-event-data-field-item mec-field-item-text\">\n                                                        <span class=\"mec-event-data-field-name\">Referent: <\/span>\n                            \n                                                            <span class=\"mec-event-data-field-value\">Herbert Geistlehner, Grub<\/span>\n                                                    <\/li>\n                                                                    <\/ul>\n                <\/div>\n            <\/div>\n        <\/div>\n        <span class=\"event-color\" style=\"background: #\"><\/span><\/h4>\n                        <div class=\"mec-event-detail\">\n                            Saturday, <span class=\"mec-event-loc-place\">bbs<\/span>                         <\/div>\n                                                                                                                    <\/div>\n                    <div class=\"col-md-3 col-sm-3 btn-wrapper\"><a class=\"mec-detail-button\" data-event-id=\"26857\" href=\"https:\/\/orchidee.de\/en\/events\/wir-besuchen-den-botanischen-garten-bochum-ein-video\/\" target=\"_self\" rel=\"noopener\">EVENT DETAIL<\/a><\/div>\n                            <\/article>\n            \t\t\n            \n                        <article class=\"mec-event-article  mec-clear  mec-divider-toggle mec-toggle-202611-8411\">\n                                                        <div class=\"col-md-9 col-sm-9\">\n\n                                                <div class=\"mec-event-date mec-bg-color\">\n                            <span>21<\/span>\n                            Nov                        <\/div>\n                        \n                                                <h4 class=\"mec-event-title\"><a class=\"mec-color-hover\" data-event-id=\"26540\" href=\"https:\/\/orchidee.de\/en\/events\/d-o-g-bewertungssitzung-nuernberg-langwasser-2026\/\" target=\"_self\" rel=\"noopener\">D.O.G.-Bewertungssitzung N\u00fcrnberg-Langwasser 2026<\/a><span class=\"event-color\" style=\"background: #\"><\/span><\/h4>\n                        <div class=\"mec-event-detail\">\n                            Saturday, <span class=\"mec-event-loc-place\">bbs<\/span>                         <\/div>\n                                                                                                                    <\/div>\n                    <div class=\"col-md-3 col-sm-3 btn-wrapper\"><a class=\"mec-detail-button\" data-event-id=\"26540\" href=\"https:\/\/orchidee.de\/en\/events\/d-o-g-bewertungssitzung-nuernberg-langwasser-2026\/\" target=\"_self\" rel=\"noopener\">EVENT DETAIL<\/a><\/div>\n                            <\/article>\n            \t\t\t<\/div>\n<\/div>\n\n    <\/div>\n    <div class=\"mec-skin-list-no-events-container mec-util-hidden\" id=\"mec_skin_no_events_8411\">\n        No event found!    <\/div>\n        \n        \n<\/div><div class=\"w-separator size_huge\"><\/div><\/div><\/div><\/div><\/div><\/section>\n","protected":false},"excerpt":{"rendered":"Veranstaltungsort: Anstalt f\u00fcr Sehbebehinderte Brieger Stra\u00dfe 21 90471 N\u00fcrnberg Weitere Informationen: Gastgeber: D.O.G.-Gruppe Nordbayern Beginn: 14:00 Uhr, Pflanzenanmeldung ab 13:00 Uhr","protected":false},"author":10,"featured_media":0,"parent":0,"menu_order":0,"comment_status":"closed","ping_status":"closed","template":"","meta":{"footnotes":""},"class_list":["post-9127","page","type-page","status-publish","hentry"],"_links":{"self":[{"href":"https:\/\/orchidee.de\/en\/wp-json\/wp\/v2\/pages\/9127","targetHints":{"allow":["GET"]}}],"collection":[{"href":"https:\/\/orchidee.de\/en\/wp-json\/wp\/v2\/pages"}],"about":[{"href":"https:\/\/orchidee.de\/en\/wp-json\/wp\/v2\/types\/page"}],"author":[{"embeddable":true,"href":"https:\/\/orchidee.de\/en\/wp-json\/wp\/v2\/users\/10"}],"replies":[{"embeddable":true,"href":"https:\/\/orchidee.de\/en\/wp-json\/wp\/v2\/comments?post=9127"}],"version-history":[{"count":19,"href":"https:\/\/orchidee.de\/en\/wp-json\/wp\/v2\/pages\/9127\/revisions"}],"predecessor-version":[{"id":13102,"href":"https:\/\/orchidee.de\/en\/wp-json\/wp\/v2\/pages\/9127\/revisions\/13102"}],"wp:attachment":[{"href":"https:\/\/orchidee.de\/en\/wp-json\/wp\/v2\/media?parent=9127"}],"curies":[{"name":"wp","href":"https:\/\/api.w.org\/{rel}","templated":true}]}}