{"id":9122,"date":"2022-07-04T15:53:58","date_gmt":"2022-07-04T13:53:58","guid":{"rendered":"https:\/\/orchidee.de\/?page_id=9122"},"modified":"2023-12-11T22:54:37","modified_gmt":"2023-12-11T21:54:37","slug":"muenchen-suedbayern-gruppe","status":"publish","type":"page","link":"https:\/\/orchidee.de\/en\/muenchen-suedbayern-gruppe\/","title":{"rendered":"M\u00fcnchen-S\u00fcdbayern  Gruppe"},"content":{"rendered":"<section class=\"l-section wpb_row us_custom_b3be410f height_huge width_full color_alternate with_img\"><div class=\"l-section-img\" style=\"background-image: url(https:\/\/orchidee.de\/wp-content\/uploads\/Cattleya-labiata_KF.jpg);\" data-img-width=\"1800\" data-img-height=\"900\"><\/div><div class=\"l-section-overlay\" style=\"background:var(--color-header-transparent-bg)\"><\/div><div class=\"l-section-h i-cf\"><div class=\"g-cols vc_row via_grid cols_1 laptops-cols_inherit tablets-cols_inherit mobiles-cols_1 valign_top type_default stacking_default\"><div class=\"wpb_column vc_column_container\"><div class=\"vc_column-inner\"><\/div><\/div><\/div><\/div><\/section><!-- Row Backgrounds --><section class=\"l-section wpb_row height_small\"><div class=\"l-section-h i-cf\"><div class=\"g-cols vc_row via_grid cols_1 laptops-cols_inherit tablets-cols_inherit mobiles-cols_1 valign_top type_default stacking_default\"><div class=\"wpb_column vc_column_container\"><div class=\"vc_column-inner\"><div class=\"w-separator size_medium\"><\/div><\/div><\/div><div class=\"wpb_column vc_column_container\"><div class=\"vc_column-inner\"><div class=\"g-cols wpb_row via_grid cols_1 laptops-cols_inherit tablets-cols_inherit mobiles-cols_1 valign_top type_default stacking_default\"><div class=\"wpb_column vc_column_container\"><div class=\"vc_column-inner\"><div class=\"wpb_text_column us_custom_e939c30a\"><div class=\"wpb_wrapper\"><h1>M\u00fcnchen-S\u00fcdbayern<\/h1>\n<\/div><\/div><\/div><\/div><\/div><\/div><\/div><\/div><\/div><\/section><section class=\"l-section wpb_row height_small\"><div class=\"l-section-h i-cf\"><div class=\"g-cols vc_row via_grid cols_1 laptops-cols_inherit tablets-cols_inherit mobiles-cols_1 valign_top type_default stacking_default\"><div class=\"wpb_column vc_column_container\"><div class=\"vc_column-inner\"><div class=\"wpb_text_column\"><div class=\"wpb_wrapper\"><p><strong>Gruppenleitung<\/strong><br \/>\nDr. Holmer Cichy<br \/>\nBad-Kissingen-Str. 90<br \/>\n81671 M\u00fcnchen<br \/>\n089-40908336<br \/>\nhcichy@t-online.de<\/p>\n<\/div><\/div><div class=\"w-separator size_small\"><\/div><div class=\"wpb_text_column\"><div class=\"wpb_wrapper\"><p><strong>Gruppenleitung laut Wahlen vom 21.10.2023:<\/strong><br \/>\nGruppenleiter: Dr. Holmer Cichy<br \/>\nStellvertretender Gruppenleiter: Lutz Kierse<br \/>\nKassenwart: Angelika Kierse<\/p>\n<\/div><\/div><div class=\"w-separator size_small\"><\/div><div class=\"wpb_text_column\"><div class=\"wpb_wrapper\"><p><strong>Gruppentreffen:<\/strong><br \/>\nTaverna Lemoni<br \/>\nPapinstrasse 22<br \/>\n81249 M\u00fcnchen-Neuaubing<br \/>\n3. Samstag im Monat ab 11:30 Uhr, Vortr\u00e4ge: 14:00.<\/p>\n<\/div><\/div><div class=\"w-separator size_small\"><\/div><div class=\"wpb_text_column\"><div class=\"wpb_wrapper\"><p>Pflanzenverkauf oder -tausch findet immer vor den Vortr\u00e4gen statt. Pflanzenverkauf ist nur f\u00fcr aktive Gruppenmitglieder und Referenten erlaubt.<br \/>\nEbenfalls vor den Vortr\u00e4gen, jeweils um 13.00 Uhr, Pflanzenbewertung.<br \/>\nLassen Sie die ganze Gruppe an Ihren Erfolgen und auch an den Sorgen mit Ihren Pflanzen teilhaben.<br \/>\nG\u00e4ste sind immer herzlich willkommen.<\/p>\n<\/div><\/div><div class=\"w-separator size_small\"><\/div><div class=\"w-btn-wrapper align_left hide_on_default hide_on_laptops hide_on_tablets hide_on_mobiles\"><a class=\"w-btn us-btn-style_6\" href=\"http:\/\/www.orchidee-muenchen.de\"><span class=\"w-btn-label\">Zur Internetpr\u00e4senz<\/span><\/a><\/div><\/div><\/div><\/div><\/div><\/section><section class=\"l-section wpb_row height_auto\"><div class=\"l-section-h i-cf\"><div class=\"g-cols vc_row via_grid cols_1 laptops-cols_inherit tablets-cols_inherit mobiles-cols_1 valign_top type_default stacking_default\"><div class=\"wpb_column vc_column_container\"><div class=\"vc_column-inner\"><div class=\"mec-wrap mec-skin-list-container  \" id=\"mec_skin_8407\">\n    \n    \n        <div class=\"mec-skin-list-events-container\" id=\"mec_skin_events_8407\">\n        No event found!    <\/div>\n        \n        \n<\/div><div class=\"w-separator size_huge\"><\/div><\/div><\/div><\/div><\/div><\/section>\n","protected":false},"excerpt":{"rendered":"M\u00fcnchen-S\u00fcdbayern Gruppenleitung Dr. Holmer Cichy Bad-Kissingen-Str. 90 81671 M\u00fcnchen 089-40908336 hcichy@t-online.de Gruppenleitung laut Wahlen vom 21.10.2023: Gruppenleiter: Dr. Holmer Cichy Stellvertretender Gruppenleiter: Lutz Kierse Kassenwart: Angelika Kierse Gruppentreffen: Taverna Lemoni Papinstrasse 22 81249 M\u00fcnchen-Neuaubing 3. Samstag im Monat ab 11:30 Uhr, Vortr\u00e4ge: 14:00. Pflanzenverkauf oder -tausch findet immer vor den Vortr\u00e4gen statt. Pflanzenverkauf ist nur...","protected":false},"author":10,"featured_media":0,"parent":0,"menu_order":0,"comment_status":"closed","ping_status":"closed","template":"","meta":{"footnotes":""},"class_list":["post-9122","page","type-page","status-publish","hentry"],"_links":{"self":[{"href":"https:\/\/orchidee.de\/en\/wp-json\/wp\/v2\/pages\/9122","targetHints":{"allow":["GET"]}}],"collection":[{"href":"https:\/\/orchidee.de\/en\/wp-json\/wp\/v2\/pages"}],"about":[{"href":"https:\/\/orchidee.de\/en\/wp-json\/wp\/v2\/types\/page"}],"author":[{"embeddable":true,"href":"https:\/\/orchidee.de\/en\/wp-json\/wp\/v2\/users\/10"}],"replies":[{"embeddable":true,"href":"https:\/\/orchidee.de\/en\/wp-json\/wp\/v2\/comments?post=9122"}],"version-history":[{"count":12,"href":"https:\/\/orchidee.de\/en\/wp-json\/wp\/v2\/pages\/9122\/revisions"}],"predecessor-version":[{"id":24379,"href":"https:\/\/orchidee.de\/en\/wp-json\/wp\/v2\/pages\/9122\/revisions\/24379"}],"wp:attachment":[{"href":"https:\/\/orchidee.de\/en\/wp-json\/wp\/v2\/media?parent=9122"}],"curies":[{"name":"wp","href":"https:\/\/api.w.org\/{rel}","templated":true}]}}