{"id":24713,"date":"2024-02-22T23:41:33","date_gmt":"2024-02-22T22:41:33","guid":{"rendered":"https:\/\/orchidee.de\/?page_id=24713"},"modified":"2024-02-22T23:41:33","modified_gmt":"2024-02-22T22:41:33","slug":"gruppenmaterial","status":"publish","type":"page","link":"https:\/\/orchidee.de\/en\/gruppenmaterial\/","title":{"rendered":"Beschr\u00e4nkter Zugriff \/ Restricted Access"},"content":{"rendered":"<p>Der Zugriff auf diese Seite ist nur registrierten Mitgliedern der D.O.G. erlaubt<\/p>\r\n<p>Access to this page is restricted to registered members of the D.O.G.<\/p>","protected":false},"excerpt":{"rendered":"Materialien und Formulare f\u00fcr die Gruppenleitungen Protokoll zur Wahl der GruppenleitungMS-WordPDF Antrag f\u00fcr Anschaffungen gr\u00f6\u00dfer 500,00 \u20acMS-WordPDF JahresberichtMS-WordPDF InventarlisteMS-ExcelPDF AusgabenerstattungsantragMS-WordPDF Antrag auf BeitragsanteilMS-WordPDF Antrag auf VorschussMS-WordPDF Abrechnung DOG AustellungenMS-WordPDF Zusammenstellung AusstellungMS-ExcelPDF Best\u00e4tigung EhrenamtspauschaleMS-WordPDF AusgabebelegMS-WordPDF EigenbelegMS-WordPDF Einnahme- u. Ausgabeliste f\u00fcr KontoMS-ExcelPDF Kassenblatt (f\u00fcr Barkasse)MS-ExcelPDF ReisekostenabrechnungMS-ExcelPDF Auslagenerstattung Rev1MS-ExcelPDF Tipps und Hilfen zur Abrechnung und BuchhaltungPDF Beitrittserkl\u00e4rung Lastschrift...","protected":false},"author":10,"featured_media":0,"parent":0,"menu_order":0,"comment_status":"closed","ping_status":"closed","template":"","meta":{"footnotes":""},"class_list":["post-24713","page","type-page","status-publish","hentry"],"_links":{"self":[{"href":"https:\/\/orchidee.de\/en\/wp-json\/wp\/v2\/pages\/24713","targetHints":{"allow":["GET"]}}],"collection":[{"href":"https:\/\/orchidee.de\/en\/wp-json\/wp\/v2\/pages"}],"about":[{"href":"https:\/\/orchidee.de\/en\/wp-json\/wp\/v2\/types\/page"}],"author":[{"embeddable":true,"href":"https:\/\/orchidee.de\/en\/wp-json\/wp\/v2\/users\/10"}],"replies":[{"embeddable":true,"href":"https:\/\/orchidee.de\/en\/wp-json\/wp\/v2\/comments?post=24713"}],"version-history":[{"count":1,"href":"https:\/\/orchidee.de\/en\/wp-json\/wp\/v2\/pages\/24713\/revisions"}],"predecessor-version":[{"id":24789,"href":"https:\/\/orchidee.de\/en\/wp-json\/wp\/v2\/pages\/24713\/revisions\/24789"}],"wp:attachment":[{"href":"https:\/\/orchidee.de\/en\/wp-json\/wp\/v2\/media?parent=24713"}],"curies":[{"name":"wp","href":"https:\/\/api.w.org\/{rel}","templated":true}]}}