{"id":16973,"date":"2022-02-10T11:25:53","date_gmt":"2022-02-10T10:25:53","guid":{"rendered":"http:\/\/staging.orchidee.de\/events\/"},"modified":"2023-04-25T23:46:33","modified_gmt":"2023-04-25T21:46:33","slug":"veranstaltungen","status":"publish","type":"page","link":"https:\/\/orchidee.de\/en\/veranstaltungen\/","title":{"rendered":"Events"},"content":{"rendered":"<section class=\"l-section wpb_row us_custom_b3be410f height_huge width_full color_alternate with_img\"><div class=\"l-section-img\" style=\"background-image: url(https:\/\/orchidee.de\/wp-content\/uploads\/Phalaenopsis-lueddemanniana_KF.jpg);\" data-img-width=\"1800\" data-img-height=\"900\"><\/div><div class=\"l-section-overlay\" style=\"background:var(--color-header-transparent-bg)\"><\/div><div class=\"l-section-h i-cf\"><div class=\"g-cols vc_row via_grid cols_1 laptops-cols_inherit tablets-cols_inherit mobiles-cols_1 valign_top type_default stacking_default\"><div class=\"wpb_column vc_column_container\"><div class=\"vc_column-inner\"><\/div><\/div><\/div><\/div><\/section><!-- Row Backgrounds --><section class=\"l-section wpb_row us_custom_d77bca1a us_animate_this height_medium\"><div class=\"l-section-h i-cf\"><div class=\"g-cols vc_row via_grid cols_1 laptops-cols_inherit tablets-cols_inherit mobiles-cols_1 valign_top type_default stacking_default\"><div class=\"wpb_column vc_column_container\"><div class=\"vc_column-inner\"><h2 class=\"w-text us_custom_e939c30a\"><span class=\"w-text-h\"><span class=\"w-text-value\">Events<\/span><\/span><\/h2><div class=\"w-separator size_medium\"><\/div><div class=\"wpb_text_column\"><div class=\"wpb_wrapper\"><p><span style=\"font-family: Arial, serif;\"><span style=\"font-size: large;\">In addition to impressive orchid exhibitions, the DOG<\/span><\/span><\/p>\n<ul>\n<li><span style=\"font-family: Arial, serif;\"><span style=\"font-size: large;\">regular plant assessments at different locations throughout Germany,<\/span><\/span><\/li>\n<li><span style=\"font-family: Arial, serif;\"><span style=\"font-size: large;\">a summer meeting where the year&#8217;s best ratings are announced and awarded,<\/span><\/span><\/li>\n<li><span style=\"font-family: Arial, serif;\"><span style=\"font-size: large;\">the annual summer party<\/span><\/span><\/li>\n<li><span style=\"font-family: Arial, serif;\"><span style=\"font-size: large;\">the DOG symposium, which provides comprehensive information on a special orchid topic every year,<\/span><\/span><\/li>\n<li><span style=\"font-family: Arial, serif;\"><span style=\"font-size: large;\">Country comparison competitions between orchid friends from Austria, Hungary and Germany or in the far north between Denmark, Sweden and Germany, which are special highlights in the orchid year.<\/span><\/span><\/li>\n<\/ul>\n<p><a name=\"Bookmark\"><\/a><span style=\"font-family: Arial, serif;\"><span style=\"font-size: large;\">So that you always have an overview of the upcoming events, you can find all the dates on this page.<\/span><\/span><\/p>\n<p><span style=\"font-family: Arial, serif;\"><span style=\"font-size: large;\">We look forward to you!<\/span><\/span><\/p>\n<\/div><\/div><\/div><\/div><\/div><\/div><\/section><section class=\"l-section wpb_row height_auto\"><div class=\"l-section-h i-cf\"><div class=\"g-cols vc_row via_grid cols_1 laptops-cols_inherit tablets-cols_inherit mobiles-cols_1 valign_top type_default stacking_default\"><div class=\"wpb_column vc_column_container\"><div class=\"vc_column-inner\"><div class=\"mec-wrap mec-skin-list-container  \" id=\"mec_skin_6933\">\n    \n    \n            <div class=\"mec-skin-list-events-container\" id=\"mec_skin_events_6933\">\n        <div class=\"mec-wrap colorskin-custom\">\n\t<div class=\"mec-event-list-minimal\">\n\t\t\n                        <div class=\"mec-month-divider\" data-toggle-divider=\"mec-toggle-202605-6933\"><span>May 2026<\/span><i class=\"mec-sl-arrow-down\"><\/i><\/div>\n            \n                        <article class=\"mec-event-article  mec-clear  mec-divider-toggle mec-toggle-202605-6933\">\n                                                        <div class=\"col-md-9 col-sm-9\">\n\n                                                <div class=\"mec-event-date mec-bg-color\">\n                            <span>02<\/span>\n                            May                        <\/div>\n                        \n                                                <h4 class=\"mec-event-title\"><a class=\"mec-color-hover\" data-event-id=\"26533\" href=\"https:\/\/orchidee.de\/en\/events\/d-o-g-bewertungssitzung-in-der-gaertnerei-hilmar-bauch-2026\/\" target=\"_self\" rel=\"noopener\">D.O.G.-Bewertungssitzung in der G\u00e4rtnerei Hilmar Bauch 2026<\/a><span class=\"event-color\" style=\"background: #\"><\/span><\/h4>\n                        <div class=\"mec-event-detail\">\n                            Saturday, <span class=\"mec-event-loc-place\">G\u00e4rtnerei Hilmar Bauch<\/span>                         <\/div>\n                                                                                                                    <\/div>\n                    <div class=\"col-md-3 col-sm-3 btn-wrapper\"><a class=\"mec-detail-button\" data-event-id=\"26533\" href=\"https:\/\/orchidee.de\/en\/events\/d-o-g-bewertungssitzung-in-der-gaertnerei-hilmar-bauch-2026\/\" target=\"_self\" rel=\"noopener\">EVENT DETAIL<\/a><\/div>\n                            <\/article>\n            \t\t\n                        <div class=\"mec-month-divider\" data-toggle-divider=\"mec-toggle-202606-6933\"><span>June 2026<\/span><i class=\"mec-sl-arrow-down\"><\/i><\/div>\n            \n                        <article class=\"mec-event-article  mec-clear  mec-divider-toggle mec-toggle-202606-6933\">\n                                                        <div class=\"col-md-9 col-sm-9\">\n\n                                                <div class=\"mec-event-date mec-bg-color\">\n                            <span>13<\/span>\n                            Jun                        <\/div>\n                        \n                                                <h4 class=\"mec-event-title\"><a class=\"mec-color-hover\" data-event-id=\"26534\" href=\"https:\/\/orchidee.de\/en\/events\/d-o-g-bewertungssitzung-ingolstadt-2026\/\" target=\"_self\" rel=\"noopener\">D.O.G.-Bewertungssitzung Ingolstadt 2026<\/a><span class=\"event-color\" style=\"background: #\"><\/span><\/h4>\n                        <div class=\"mec-event-detail\">\n                            Saturday, <span class=\"mec-event-loc-place\">Pfarrstadl Etting<\/span>                         <\/div>\n                                                                                                                    <\/div>\n                    <div class=\"col-md-3 col-sm-3 btn-wrapper\"><a class=\"mec-detail-button\" data-event-id=\"26534\" href=\"https:\/\/orchidee.de\/en\/events\/d-o-g-bewertungssitzung-ingolstadt-2026\/\" target=\"_self\" rel=\"noopener\">EVENT DETAIL<\/a><\/div>\n                            <\/article>\n            \t\t\n                        <div class=\"mec-month-divider\" data-toggle-divider=\"mec-toggle-202607-6933\"><span>July 2026<\/span><i class=\"mec-sl-arrow-down\"><\/i><\/div>\n            \n                        <article class=\"mec-event-article  mec-clear  mec-divider-toggle mec-toggle-202607-6933\">\n                                                        <div class=\"col-md-9 col-sm-9\">\n\n                                                <div class=\"mec-event-date mec-bg-color\">\n                            <span class=\"mec-multiple-dates\">03 - 05<\/span>\n                            Jul                        <\/div>\n                        \n                                                <h4 class=\"mec-event-title\"><a class=\"mec-color-hover\" data-event-id=\"26535\" href=\"https:\/\/orchidee.de\/en\/events\/d-o-g-bewertungssommertreff-2026-in-der-gaertnerei-cramer\/\" target=\"_self\" rel=\"noopener\">D.O.G.-Sommertreff 2026 in der G\u00e4rtnerei Cramer<\/a><span class=\"event-color\" style=\"background: #\"><\/span><\/h4>\n                        <div class=\"mec-event-detail\">\n                            Friday, <span class=\"mec-event-loc-place\">G\u00e4rtnerei Cramer<\/span>                         <\/div>\n                                                                                                                    <\/div>\n                    <div class=\"col-md-3 col-sm-3 btn-wrapper\"><a class=\"mec-detail-button\" data-event-id=\"26535\" href=\"https:\/\/orchidee.de\/en\/events\/d-o-g-bewertungssommertreff-2026-in-der-gaertnerei-cramer\/\" target=\"_self\" rel=\"noopener\">EVENT DETAIL<\/a><\/div>\n                            <\/article>\n            \t\t\n                        <div class=\"mec-month-divider\" data-toggle-divider=\"mec-toggle-202608-6933\"><span>August 2026<\/span><i class=\"mec-sl-arrow-down\"><\/i><\/div>\n            \n                        <article class=\"mec-event-article  mec-clear  mec-divider-toggle mec-toggle-202608-6933\">\n                                                        <div class=\"col-md-9 col-sm-9\">\n\n                                                <div class=\"mec-event-date mec-bg-color\">\n                            <span class=\"mec-multiple-dates\">01 - 02<\/span>\n                            Aug                        <\/div>\n                        \n                                                <h4 class=\"mec-event-title\"><a class=\"mec-color-hover\" data-event-id=\"26536\" href=\"https:\/\/orchidee.de\/en\/events\/laenderwettbewerb-oesterreich-ungarn-deutschland-2026-in-unterwoelbling-oesterreich\/\" target=\"_self\" rel=\"noopener\">L\u00e4nderwett\u00adbe\u00adwerb \u00d6sterreich\u202f\u2013\u202fUngarn\u202f\u2013Deutschland 2026 in Unterw\u00f6lbling\/\u00d6sterreich<\/a><span class=\"event-color\" style=\"background: #\"><\/span><\/h4>\n                        <div class=\"mec-event-detail\">\n                            Saturday, <span class=\"mec-event-loc-place\">Weingut Fink<\/span>                         <\/div>\n                                                                                                                    <\/div>\n                    <div class=\"col-md-3 col-sm-3 btn-wrapper\"><a class=\"mec-detail-button\" data-event-id=\"26536\" href=\"https:\/\/orchidee.de\/en\/events\/laenderwettbewerb-oesterreich-ungarn-deutschland-2026-in-unterwoelbling-oesterreich\/\" target=\"_self\" rel=\"noopener\">EVENT DETAIL<\/a><\/div>\n                            <\/article>\n            \t\t\n                        <div class=\"mec-month-divider\" data-toggle-divider=\"mec-toggle-202609-6933\"><span>September 2026<\/span><i class=\"mec-sl-arrow-down\"><\/i><\/div>\n            \n                        <article class=\"mec-event-article  mec-clear  mec-divider-toggle mec-toggle-202609-6933\">\n                                                        <div class=\"col-md-9 col-sm-9\">\n\n                                                <div class=\"mec-event-date mec-bg-color\">\n                            <span class=\"mec-multiple-dates\">11 - 13<\/span>\n                            Sep                        <\/div>\n                        \n                                                <h4 class=\"mec-event-title\"><a class=\"mec-color-hover\" data-event-id=\"26537\" href=\"https:\/\/orchidee.de\/en\/events\/orchideenschau-im-botanischen-garten-berlin-2026\/\" target=\"_self\" rel=\"noopener\">Orchideenschau im Botanischen Garten Berlin 2026<\/a><span class=\"event-color\" style=\"background: #\"><\/span><\/h4>\n                        <div class=\"mec-event-detail\">\n                            Friday, <span class=\"mec-event-loc-place\">Botanischer Garten Berlin, Neues Glashaus<\/span>                         <\/div>\n                                                                                                                    <\/div>\n                    <div class=\"col-md-3 col-sm-3 btn-wrapper\"><a class=\"mec-detail-button\" data-event-id=\"26537\" href=\"https:\/\/orchidee.de\/en\/events\/orchideenschau-im-botanischen-garten-berlin-2026\/\" target=\"_self\" rel=\"noopener\">EVENT DETAIL<\/a><\/div>\n                            <\/article>\n            \t\t\n            \n                        <article class=\"mec-event-article  mec-clear  mec-divider-toggle mec-toggle-202609-6933\">\n                                                        <div class=\"col-md-9 col-sm-9\">\n\n                                                <div class=\"mec-event-date mec-bg-color\">\n                            <span class=\"mec-multiple-dates\">25 - 27<\/span>\n                            Sep                        <\/div>\n                        \n                                                <h4 class=\"mec-event-title\"><a class=\"mec-color-hover\" data-event-id=\"26538\" href=\"https:\/\/orchidee.de\/en\/events\/orchideenschau-im-botanischen-garten-kiel-2026\/\" target=\"_self\" rel=\"noopener\">Orchideenschau im Botanischen Garten Kiel 2026<\/a><span class=\"event-color\" style=\"background: #\"><\/span><\/h4>\n                        <div class=\"mec-event-detail\">\n                            Friday, <span class=\"mec-event-loc-place\">Botanischer Garten Kiel<\/span>                         <\/div>\n                                                                                                                    <\/div>\n                    <div class=\"col-md-3 col-sm-3 btn-wrapper\"><a class=\"mec-detail-button\" data-event-id=\"26538\" href=\"https:\/\/orchidee.de\/en\/events\/orchideenschau-im-botanischen-garten-kiel-2026\/\" target=\"_self\" rel=\"noopener\">EVENT DETAIL<\/a><\/div>\n                            <\/article>\n            \t\t\n                        <div class=\"mec-month-divider\" data-toggle-divider=\"mec-toggle-202610-6933\"><span>October 2026<\/span><i class=\"mec-sl-arrow-down\"><\/i><\/div>\n            \n                        <article class=\"mec-event-article  mec-clear  mec-divider-toggle mec-toggle-202610-6933\">\n                                                        <div class=\"col-md-9 col-sm-9\">\n\n                                                <div class=\"mec-event-date mec-bg-color\">\n                            <span class=\"mec-multiple-dates\">16 - 18<\/span>\n                            Oct                        <\/div>\n                        \n                                                <h4 class=\"mec-event-title\"><a class=\"mec-color-hover\" data-event-id=\"26539\" href=\"https:\/\/orchidee.de\/en\/events\/orchideenschau-im-botanischen-garten-chemnitz-2026\/\" target=\"_self\" rel=\"noopener\">Orchideenschau im Botanischen Garten Chemnitz 2026<\/a><span class=\"event-color\" style=\"background: #\"><\/span><\/h4>\n                        <div class=\"mec-event-detail\">\n                            Friday, <span class=\"mec-event-loc-place\">Botanischer Garten Chemnitz<\/span>                         <\/div>\n                                                                                                                    <\/div>\n                    <div class=\"col-md-3 col-sm-3 btn-wrapper\"><a class=\"mec-detail-button\" data-event-id=\"26539\" href=\"https:\/\/orchidee.de\/en\/events\/orchideenschau-im-botanischen-garten-chemnitz-2026\/\" target=\"_self\" rel=\"noopener\">EVENT DETAIL<\/a><\/div>\n                            <\/article>\n            \t\t\n                        <div class=\"mec-month-divider\" data-toggle-divider=\"mec-toggle-202611-6933\"><span>November 2026<\/span><i class=\"mec-sl-arrow-down\"><\/i><\/div>\n            \n                        <article class=\"mec-event-article  mec-clear  mec-divider-toggle mec-toggle-202611-6933\">\n                                                        <div class=\"col-md-9 col-sm-9\">\n\n                                                <div class=\"mec-event-date mec-bg-color\">\n                            <span>21<\/span>\n                            Nov                        <\/div>\n                        \n                                                <h4 class=\"mec-event-title\"><a class=\"mec-color-hover\" data-event-id=\"26540\" href=\"https:\/\/orchidee.de\/en\/events\/d-o-g-bewertungssitzung-nuernberg-langwasser-2026\/\" target=\"_self\" rel=\"noopener\">D.O.G.-Bewertungssitzung N\u00fcrnberg-Langwasser 2026<\/a><span class=\"event-color\" style=\"background: #\"><\/span><\/h4>\n                        <div class=\"mec-event-detail\">\n                            Saturday, <span class=\"mec-event-loc-place\">bbs<\/span>                         <\/div>\n                                                                                                                    <\/div>\n                    <div class=\"col-md-3 col-sm-3 btn-wrapper\"><a class=\"mec-detail-button\" data-event-id=\"26540\" href=\"https:\/\/orchidee.de\/en\/events\/d-o-g-bewertungssitzung-nuernberg-langwasser-2026\/\" target=\"_self\" rel=\"noopener\">EVENT DETAIL<\/a><\/div>\n                            <\/article>\n            \t\t\t<\/div>\n<\/div>\n\n    <\/div>\n    <div class=\"mec-skin-list-no-events-container mec-util-hidden\" id=\"mec_skin_no_events_6933\">\n        No event found!    <\/div>\n        \n        \n<\/div><div class=\"w-separator size_huge\"><\/div><\/div><\/div><\/div><\/div><\/section>\n","protected":false},"excerpt":{"rendered":"Veranstaltungsort: Anstalt f\u00fcr Sehbebehinderte Brieger Stra\u00dfe 21 90471 N\u00fcrnberg Weitere Informationen: Gastgeber: D.O.G.-Gruppe Nordbayern Beginn: 14:00 Uhr, Pflanzenanmeldung ab 13:00 Uhr","protected":false},"author":10,"featured_media":0,"parent":0,"menu_order":0,"comment_status":"closed","ping_status":"closed","template":"","meta":{"footnotes":""},"class_list":["post-16973","page","type-page","status-publish","hentry"],"_links":{"self":[{"href":"https:\/\/orchidee.de\/en\/wp-json\/wp\/v2\/pages\/16973","targetHints":{"allow":["GET"]}}],"collection":[{"href":"https:\/\/orchidee.de\/en\/wp-json\/wp\/v2\/pages"}],"about":[{"href":"https:\/\/orchidee.de\/en\/wp-json\/wp\/v2\/types\/page"}],"author":[{"embeddable":true,"href":"https:\/\/orchidee.de\/en\/wp-json\/wp\/v2\/users\/10"}],"replies":[{"embeddable":true,"href":"https:\/\/orchidee.de\/en\/wp-json\/wp\/v2\/comments?post=16973"}],"version-history":[{"count":30,"href":"https:\/\/orchidee.de\/en\/wp-json\/wp\/v2\/pages\/16973\/revisions"}],"predecessor-version":[{"id":19809,"href":"https:\/\/orchidee.de\/en\/wp-json\/wp\/v2\/pages\/16973\/revisions\/19809"}],"wp:attachment":[{"href":"https:\/\/orchidee.de\/en\/wp-json\/wp\/v2\/media?parent=16973"}],"curies":[{"name":"wp","href":"https:\/\/api.w.org\/{rel}","templated":true}]}}