{"id":12822,"date":"2022-09-09T08:54:14","date_gmt":"2022-09-09T06:54:14","guid":{"rendered":"http:\/\/staging.orchidee.de\/?page_id=12822"},"modified":"2025-10-21T21:39:54","modified_gmt":"2025-10-21T19:39:54","slug":"berlin-gruppe","status":"publish","type":"page","link":"https:\/\/orchidee.de\/en\/berlin-gruppe\/","title":{"rendered":"Berlin Gruppe"},"content":{"rendered":"<section class=\"l-section wpb_row us_custom_b3be410f height_huge width_full color_alternate with_img\"><div class=\"l-section-img\" style=\"background-image: url(https:\/\/orchidee.de\/wp-content\/uploads\/Phragmipedium-Woessner-Rubin_KF.jpg);\" data-img-width=\"1800\" data-img-height=\"900\"><\/div><div class=\"l-section-overlay\" style=\"background:var(--color-header-transparent-bg)\"><\/div><div class=\"l-section-h i-cf\"><div class=\"g-cols vc_row via_grid cols_1 laptops-cols_inherit tablets-cols_inherit mobiles-cols_1 valign_top type_default stacking_default\"><div class=\"wpb_column vc_column_container\"><div class=\"vc_column-inner\"><\/div><\/div><\/div><\/div><\/section><!-- Row Backgrounds --><section class=\"l-section wpb_row height_small\"><div class=\"l-section-h i-cf\"><div class=\"g-cols vc_row via_grid cols_1 laptops-cols_inherit tablets-cols_inherit mobiles-cols_1 valign_top type_default stacking_default\"><div class=\"wpb_column vc_column_container\"><div class=\"vc_column-inner\"><div class=\"w-separator size_medium\"><\/div><\/div><\/div><div class=\"wpb_column vc_column_container\"><div class=\"vc_column-inner\"><div class=\"g-cols wpb_row via_grid cols_2 laptops-cols_inherit tablets-cols_inherit mobiles-cols_1 valign_top type_default stacking_default\"><div class=\"wpb_column vc_column_container\"><div class=\"vc_column-inner\"><div class=\"wpb_text_column us_custom_e939c30a\"><div class=\"wpb_wrapper\"><h1>Berlin<\/h1>\n<\/div><\/div><\/div><\/div><div class=\"wpb_column vc_column_container\"><div class=\"vc_column-inner\"><div class=\"w-image align_none\"><div class=\"w-image-h\"><img loading=\"lazy\" decoding=\"async\" width=\"150\" height=\"150\" src=\"https:\/\/orchidee.de\/wp-content\/uploads\/Berlin_Logo-150x150.jpg\" class=\"attachment-thumbnail size-thumbnail\" alt=\"Logo der D.O.G.-Gruppe Berlin\" srcset=\"https:\/\/orchidee.de\/wp-content\/uploads\/Berlin_Logo-150x150.jpg 150w, https:\/\/orchidee.de\/wp-content\/uploads\/Berlin_Logo-300x300.jpg 300w\" sizes=\"auto, (max-width: 150px) 100vw, 150px\" \/><\/div><\/div><\/div><\/div><\/div><\/div><\/div><\/div><\/div><\/section><section class=\"l-section wpb_row height_small\"><div class=\"l-section-h i-cf\"><div class=\"g-cols vc_row via_grid cols_1 laptops-cols_inherit tablets-cols_inherit mobiles-cols_1 valign_top type_default stacking_default\"><div class=\"wpb_column vc_column_container\"><div class=\"vc_column-inner\"><div class=\"wpb_text_column\"><div class=\"wpb_wrapper\"><p><strong>Gruppenleitung<\/strong><br \/>\nJ\u00f6rg Bohn<br \/>\nMobil: 0157-30353633<br \/>\ngruppenleiter(at)orchidee-berlin.de<\/p>\n<\/div><\/div><div class=\"w-separator size_small\"><\/div><div class=\"wpb_text_column\"><div class=\"wpb_wrapper\"><p><strong>Gruppenleitung laut Wahlen vom 11.04.2025:<\/strong><br \/>\nGruppenleiter: J\u00f6rg Bohn<br \/>\nStellvertreter: Rouven Haliti<br \/>\nKassenwart: Vanessa Thierling<\/p>\n<\/div><\/div><div class=\"w-separator size_small\"><\/div><div class=\"wpb_text_column\"><div class=\"wpb_wrapper\"><p><strong>Gruppentreffen:<\/strong><br \/>\nGro\u00dfer Saal der Lange-Schucke-Stiftung<br \/>\nB\u00fcdnerring 48<br \/>\n13409 Berlin<br \/>\nFreitags ab 18:00 Uhr<\/p>\n<\/div><\/div><div class=\"w-separator size_small\"><\/div><div class=\"wpb_text_column\"><div class=\"wpb_wrapper\"><p>Ab 19:00 beginnen wir mir dem offiziellen Teil, d.h. aktuelle Gruppennachrichten, Vorstellung mitgebrachter bl\u00fchender oder kranker Pflanzen in Natura oder als Datei f\u00fcr den PC\/Beamer. Anschlie\u00dfend folgt dann der im Programm aufgef\u00fchrte Vortrag.<br \/>\nHaben Sie Fragen zu Orchideen, hat Sie der Orchideenvirus erwischt und m\u00f6chten sich mit anderen Orchideenfreunden austauschen, so laden wir Sie herzlich ein, an einem unserer Gruppenabende teilzunehmen.<\/p>\n<\/div><\/div><div class=\"w-separator size_small\"><\/div><div class=\"wpb_text_column\"><div class=\"wpb_wrapper\"><p>Die aktuellen Themen aller Treffen werden auf unserer <a href=\"https:\/\/www.orchidee-berlin.de\/\" target=\"_blank\" rel=\"noopener\">Homepage<\/a> ver\u00f6ffentlicht.<\/p>\n<\/div><\/div><div class=\"w-separator size_small\"><\/div><div class=\"w-btn-wrapper align_left\"><a class=\"w-btn us-btn-style_6\" title=\"D.O.G.-Gruppe Berlin\" target=\"_blank\" href=\"https:\/\/www.orchidee-berlin.de\/\" rel=\"noopener\"><span class=\"w-btn-label\">Zur Internetpr\u00e4senz<\/span><\/a><\/div><\/div><\/div><\/div><\/div><\/section><section class=\"l-section wpb_row height_medium\"><div class=\"l-section-h i-cf\"><div class=\"g-cols vc_row via_grid cols_1 laptops-cols_inherit tablets-cols_inherit mobiles-cols_1 valign_top type_default stacking_default\"><div class=\"wpb_column vc_column_container\"><div class=\"vc_column-inner\"><div class=\"mec-wrap mec-skin-list-container  \" id=\"mec_skin_8010\">\n    \n    \n        <div class=\"mec-skin-list-events-container\" id=\"mec_skin_events_8010\">\n        No event found!    <\/div>\n        \n        \n<\/div><\/div><\/div><\/div><\/div><\/section><section class=\"l-section wpb_row height_small\"><div class=\"l-section-h i-cf\"><div class=\"g-cols vc_row via_grid cols_1 laptops-cols_inherit tablets-cols_inherit mobiles-cols_1 valign_top type_default stacking_default\"><div class=\"wpb_column vc_column_container\"><div class=\"vc_column-inner\"><div class=\"wpb_text_column us_custom_b0216503\"><div class=\"wpb_wrapper\"><h2>Berlin Samstagstreff<\/h2>\n<\/div><\/div><div class=\"w-separator size_small\"><\/div><div class=\"wpb_text_column\"><div class=\"wpb_wrapper\"><p>Zus\u00e4tzlich gibt es den Samstagstreff (Stammtisch) am 2. Samstag im Monat, 11:00 Uhr, Richie&#8217;s S-Ecke, Moltkestr. 53, 12203 Berlin<\/p>\n<\/div><\/div><div class=\"g-cols wpb_row via_grid cols_1 laptops-cols_inherit tablets-cols_inherit mobiles-cols_1 valign_top type_default stacking_default\"><div class=\"wpb_column vc_column_container\"><div class=\"vc_column-inner\"><div class=\"mec-wrap mec-skin-list-container  \" id=\"mec_skin_12794\">\n    \n    \n        <div class=\"mec-skin-list-events-container\" id=\"mec_skin_events_12794\">\n        No event found!    <\/div>\n        \n        \n<\/div><\/div><\/div><\/div><\/div><\/div><\/div><\/div><\/section>\n","protected":false},"excerpt":{"rendered":"Berlin Gruppenleitung J\u00f6rg Bohn Mobil: 0157-30353633 gruppenleiter(at)orchidee-berlin.de Gruppenleitung laut Wahlen vom 11.04.2025: Gruppenleiter: J\u00f6rg Bohn Stellvertreter: Rouven Haliti Kassenwart: Vanessa Thierling Gruppentreffen: Gro\u00dfer Saal der Lange-Schucke-Stiftung B\u00fcdnerring 48 13409 Berlin Freitags ab 18:00 Uhr Ab 19:00 beginnen wir mir dem offiziellen Teil, d.h. aktuelle Gruppennachrichten, Vorstellung mitgebrachter bl\u00fchender oder kranker Pflanzen in Natura oder als...","protected":false},"author":10,"featured_media":0,"parent":0,"menu_order":0,"comment_status":"closed","ping_status":"closed","template":"","meta":{"footnotes":""},"class_list":["post-12822","page","type-page","status-publish","hentry"],"_links":{"self":[{"href":"https:\/\/orchidee.de\/en\/wp-json\/wp\/v2\/pages\/12822","targetHints":{"allow":["GET"]}}],"collection":[{"href":"https:\/\/orchidee.de\/en\/wp-json\/wp\/v2\/pages"}],"about":[{"href":"https:\/\/orchidee.de\/en\/wp-json\/wp\/v2\/types\/page"}],"author":[{"embeddable":true,"href":"https:\/\/orchidee.de\/en\/wp-json\/wp\/v2\/users\/10"}],"replies":[{"embeddable":true,"href":"https:\/\/orchidee.de\/en\/wp-json\/wp\/v2\/comments?post=12822"}],"version-history":[{"count":38,"href":"https:\/\/orchidee.de\/en\/wp-json\/wp\/v2\/pages\/12822\/revisions"}],"predecessor-version":[{"id":26508,"href":"https:\/\/orchidee.de\/en\/wp-json\/wp\/v2\/pages\/12822\/revisions\/26508"}],"wp:attachment":[{"href":"https:\/\/orchidee.de\/en\/wp-json\/wp\/v2\/media?parent=12822"}],"curies":[{"name":"wp","href":"https:\/\/api.w.org\/{rel}","templated":true}]}}